{"id":32967,"date":"2023-12-13T11:33:45","date_gmt":"2023-12-13T16:33:45","guid":{"rendered":"https:\/\/www.sedanos.com\/declaracion-de-accesibilidad-del-sitio-web-y-la-tecnologia"},"modified":"2023-12-14T05:42:25","modified_gmt":"2023-12-14T10:42:25","slug":"declaracion-de-accesibilidad-del-sitio-web-y-la-tecnologia","status":"publish","type":"page","link":"https:\/\/www.sedanos.com\/es\/declaracion-de-accesibilidad-del-sitio-web-y-la-tecnologia","title":{"rendered":"Declaraci\u00f3n de accesibilidad tecnol\u00f3gica y del sitio web de Sedanos.com"},"content":{"rendered":"<div id=\"pl-32967\"  class=\"panel-layout\" ><div id=\"pg-32967-0\"  class=\"panel-grid panel-no-style\" ><div id=\"pgc-32967-0-0\"  class=\"panel-grid-cell\" ><div id=\"panel-32967-0-0-0\" class=\"so-panel widget widget_sow-editor panel-first-child panel-last-child\" data-index=\"0\" ><div\n\t\t\t\n\t\t\tclass=\"so-widget-sow-editor so-widget-sow-editor-base\"\n\t\t\t\n\t\t>\n<div class=\"siteorigin-widget-tinymce textwidget\">\n\t<p><strong><u>Asistencia de accesibilidad<\/u><\/strong><\/p>\n<p><span style=\"font-style: inherit; font-weight: inherit;\" data-ogsc=\"black\">Si tiene dificultades para usar o acceder a cualquier elemento de este sitio web o en cualquier aplicaci\u00f3n o herramienta m\u00f3vil de Sedano, no dude en llamarnos al 1.305.815.4163 o enviarnos un correo electr\u00f3nico a <a href=\"mailto:info@Sedanos.com\">info@Sedanos.com<\/a> y trabajaremos con usted para brindarle la informaci\u00f3n. , art\u00edculo o transacci\u00f3n que busca a trav\u00e9s de un m\u00e9todo de comunicaci\u00f3n al que pueda acceder de conformidad con la ley aplicable (por ejemplo, a trav\u00e9s de asistencia telef\u00f3nica).<\/span><\/p>\n<p><strong><u><span style=\"font-style: inherit; font-weight: inherit;\" data-ogsc=\"black\">Objetivo de ser mejores para Todos<\/span><\/u><\/strong><\/p>\n<p><span style=\"font-style: inherit; font-weight: inherit;\" data-ogsc=\"black\">Los deseos de Sedano son brindar una experiencia positiva a todos nuestros clientes y nuestro objetivo es promover la accesibilidad y la inclusi\u00f3n. Nuestro objetivo es permitir a nuestros clientes recopilar informaci\u00f3n y realizar transacciones comerciales con \u00e9xito a trav\u00e9s de nuestro sitio web.<\/span><\/p>\n<p><span style=\"font-style: inherit; font-weight: inherit;\" data-ogsc=\"black\">Ya sea que est\u00e9 utilizando tecnolog\u00edas de asistencia como un lector de pantalla, una lupa, software de reconocimiento de voz o subt\u00edtulos para videos, nuestro objetivo es hacer que su uso del sitio web de Sedano sea una experiencia exitosa y agradable.<\/span><\/p>\n<p><strong><u><span style=\"font-style: inherit; font-weight: inherit;\" data-ogsc=\"black\">Comportamiento<\/span><\/u><\/strong><\/p>\n<p><span style=\"font-style: inherit; font-weight: inherit;\" data-ogsc=\"black\">Estamos tomando una variedad de medidas y dedicando recursos para mejorar a\u00fan m\u00e1s la accesibilidad de nuestro sitio web.<\/span><\/p>\n<p><strong><u><span style=\"font-style: inherit; font-weight: inherit;\" data-ogsc=\"black\">Esfuerzo continuo<\/span><\/u><\/strong><\/p>\n<p><span style=\"font-style: inherit; font-weight: inherit;\" data-ogsc=\"black\">Aunque estamos orgullosos de los esfuerzos que hemos completado y que est\u00e1n en progreso, en Sedano consideramos la accesibilidad como un esfuerzo continuo.<\/span><\/p>\n<p><strong><u><span style=\"font-style: inherit; font-weight: inherit;\" data-ogsc=\"black\">Comentario<\/span><\/u><\/strong><\/p>\n<p><span style=\"font-style: inherit; font-weight: inherit;\" data-ogsc=\"black\">Comun\u00edquese con nosotros si tiene alg\u00fan comentario o sugerencia sobre c\u00f3mo podr\u00edamos mejorar la accesibilidad de este sitio web.<\/span><\/p>\n<p><span style=\"font-style: inherit; font-weight: inherit;\" data-ogsc=\"black\">Env\u00edenos un correo electr\u00f3nico a: <a href=\"mailto:info@Sedanos.com\">info@Sedanos.com<\/a><\/span><\/p>\n<p><span style=\"font-style: inherit; font-weight: inherit;\" data-ogsc=\"black\">Ll\u00e1manos al: 1.305.815.4163<\/span><\/p>\n<p><span style=\"font-style: inherit; font-weight: inherit;\" data-ogsc=\"black\">Escr\u00edbenos a:<\/span><\/p>\n<p><span style=\"font-style: inherit; font-weight: inherit;\" data-ogsc=\"black\">Sedano<\/span><\/p>\n<p><span style=\"font-style: inherit; font-weight: inherit;\" data-ogsc=\"black\">18610 NW 87th Ave.<\/span><\/p>\n<p><span style=\"font-style: inherit; font-weight: inherit;\" data-ogsc=\"black\">suite #300<\/span><\/p>\n<p><span style=\"font-style: inherit; font-weight: inherit;\" data-ogsc=\"black\">Hialeah, Florida 33015<\/span><\/p>\n<\/div>\n<\/div><\/div><\/div><\/div><div id=\"pg-32967-1\"  class=\"panel-grid panel-no-style\" ><div id=\"pgc-32967-1-0\"  class=\"panel-grid-cell panel-grid-cell-empty\" ><\/div><div id=\"pgc-32967-1-1\"  class=\"panel-grid-cell panel-grid-cell-mobile-last\" ><div id=\"panel-32967-1-1-0\" class=\"so-panel widget widget_sow-image panel-first-child panel-last-child\" data-index=\"1\" ><div\n\t\t\t\n\t\t\tclass=\"so-widget-sow-image so-widget-sow-image-default-8b5b6f678277-32967\"\n\t\t\t\n\t\t>\n<div class=\"sow-image-container\">\n\t\t\t<a href=\"https:\/\/allyant.com\"\n\t\t\t\t\t>\n\t\t\t<img \n\tsrc=\"https:\/\/www.sedanos.com\/wp-content\/uploads\/Reviewed-by-Allyant-for-Accessibility-Badge_White.png\" width=\"1301\" height=\"1300\" srcset=\"https:\/\/www.sedanos.com\/wp-content\/uploads\/Reviewed-by-Allyant-for-Accessibility-Badge_White.png 1301w, https:\/\/www.sedanos.com\/wp-content\/uploads\/Reviewed-by-Allyant-for-Accessibility-Badge_White-300x300.png 300w, https:\/\/www.sedanos.com\/wp-content\/uploads\/Reviewed-by-Allyant-for-Accessibility-Badge_White-1024x1024.png 1024w, https:\/\/www.sedanos.com\/wp-content\/uploads\/Reviewed-by-Allyant-for-Accessibility-Badge_White-150x150.png 150w, https:\/\/www.sedanos.com\/wp-content\/uploads\/Reviewed-by-Allyant-for-Accessibility-Badge_White-768x768.png 768w, https:\/\/www.sedanos.com\/wp-content\/uploads\/Reviewed-by-Allyant-for-Accessibility-Badge_White-1536x1536.png 1536w, https:\/\/www.sedanos.com\/wp-content\/uploads\/Reviewed-by-Allyant-for-Accessibility-Badge_White-2048x2048.png 2048w\" sizes=\"(max-width: 1301px) 100vw, 1301px\" title=\"Reviewed by Allyant for Accessibility Badge_White\" alt=\"Reviewed by Allyant for accessibility\" \t\tclass=\"so-widget-image\"\/>\n\t\t\t<\/a><\/div>\n\n<\/div><\/div><\/div><div id=\"pgc-32967-1-2\"  class=\"panel-grid-cell panel-grid-cell-empty\" ><\/div><\/div><div id=\"pg-32967-2\"  class=\"panel-grid panel-no-style\" ><div id=\"pgc-32967-2-0\"  class=\"panel-grid-cell panel-grid-cell-empty\" ><\/div><\/div><\/div>","protected":false},"excerpt":{"rendered":"<p>Asistencia de accesibilidad Si tiene dificultades para usar o acceder a cualquier elemento de este sitio web o en cualquier aplicaci\u00f3n o herramienta m\u00f3vil de Sedano, no dude en llamarnos al 1.305.815.4163 o enviarnos un correo electr\u00f3nico a info@Sedanos.com y trabajaremos con usted para brindarle la informaci\u00f3n. , art\u00edculo o transacci\u00f3n que busca a trav\u00e9s [&hellip;]<\/p>\n","protected":false},"author":1,"featured_media":0,"parent":0,"menu_order":0,"comment_status":"closed","ping_status":"closed","template":"","meta":{"footnotes":""},"class_list":["post-32967","page","type-page","status-publish","hentry"],"_links":{"self":[{"href":"https:\/\/www.sedanos.com\/es\/wp-json\/wp\/v2\/pages\/32967","targetHints":{"allow":["GET"]}}],"collection":[{"href":"https:\/\/www.sedanos.com\/es\/wp-json\/wp\/v2\/pages"}],"about":[{"href":"https:\/\/www.sedanos.com\/es\/wp-json\/wp\/v2\/types\/page"}],"author":[{"embeddable":true,"href":"https:\/\/www.sedanos.com\/es\/wp-json\/wp\/v2\/users\/1"}],"replies":[{"embeddable":true,"href":"https:\/\/www.sedanos.com\/es\/wp-json\/wp\/v2\/comments?post=32967"}],"version-history":[{"count":4,"href":"https:\/\/www.sedanos.com\/es\/wp-json\/wp\/v2\/pages\/32967\/revisions"}],"predecessor-version":[{"id":32982,"href":"https:\/\/www.sedanos.com\/es\/wp-json\/wp\/v2\/pages\/32967\/revisions\/32982"}],"wp:attachment":[{"href":"https:\/\/www.sedanos.com\/es\/wp-json\/wp\/v2\/media?parent=32967"}],"curies":[{"name":"wp","href":"https:\/\/api.w.org\/{rel}","templated":true}]}}