{"id":30944,"date":"2023-10-31T22:12:56","date_gmt":"2023-10-31T22:12:56","guid":{"rendered":"https:\/\/www.sedanos.com\/sobre"},"modified":"2023-12-13T09:52:47","modified_gmt":"2023-12-13T14:52:47","slug":"sobre","status":"publish","type":"page","link":"https:\/\/www.sedanos.com\/es\/sobre","title":{"rendered":"Sobre"},"content":{"rendered":"<div id=\"pl-30944\"  class=\"panel-layout\" ><div id=\"pg-30944-0\"  class=\"panel-grid panel-no-style\" ><div id=\"pgc-30944-0-0\"  class=\"panel-grid-cell\" ><div id=\"panel-30944-0-0-0\" class=\"so-panel widget widget_sow-editor panel-first-child panel-last-child\" data-index=\"0\" ><div\n\t\t\t\n\t\t\tclass=\"so-widget-sow-editor so-widget-sow-editor-base\"\n\t\t\t\n\t\t>\n<div class=\"siteorigin-widget-tinymce textwidget\">\n\t<h1 class=\"fp-page-header fp-page-title\" data-role=\"page-title\" style=\"text-align: center;\"><span style=\"font-size: 36px;\"><strong>Flavor Story<\/strong><\/span><\/h1>\n<\/div>\n<\/div><\/div><\/div><\/div><div id=\"pg-30944-1\"  class=\"panel-grid panel-no-style\" ><div id=\"pgc-30944-1-0\"  class=\"panel-grid-cell\" ><div id=\"panel-30944-1-0-0\" class=\"so-panel widget widget_sow-image panel-first-child panel-last-child\" data-index=\"1\" ><div\n\t\t\t\n\t\t\tclass=\"so-widget-sow-image so-widget-sow-image-default-dbf295114b96-30944\"\n\t\t\t\n\t\t>\n<div class=\"sow-image-container\">\n\t\t<img \n\tsrc=\"https:\/\/www.sedanos.com\/wp-content\/uploads\/About-Us-Banner-06.jpg\" width=\"961\" height=\"800\" srcset=\"https:\/\/www.sedanos.com\/wp-content\/uploads\/About-Us-Banner-06.jpg 961w, https:\/\/www.sedanos.com\/wp-content\/uploads\/About-Us-Banner-06-300x250.jpg 300w, https:\/\/www.sedanos.com\/wp-content\/uploads\/About-Us-Banner-06-768x639.jpg 768w\" sizes=\"(max-width: 961px) 100vw, 961px\" alt=\"Image showing one of the first Sedano supermarket.\" \t\tclass=\"so-widget-image\"\/>\n\t<\/div>\n\n<\/div><\/div><\/div><div id=\"pgc-30944-1-1\"  class=\"panel-grid-cell\" ><div id=\"panel-30944-1-1-0\" class=\"so-panel widget widget_sow-image panel-first-child panel-last-child\" data-index=\"2\" ><div\n\t\t\t\n\t\t\tclass=\"so-widget-sow-image so-widget-sow-image-default-8b5b6f678277-30944\"\n\t\t\t\n\t\t>\n<div class=\"sow-image-container\">\n\t\t<img \n\tsrc=\"https:\/\/www.sedanos.com\/wp-content\/uploads\/Resized_23_SDO_ABOUTPAGE_SPA.jpg\" width=\"961\" height=\"800\" srcset=\"https:\/\/www.sedanos.com\/wp-content\/uploads\/Resized_23_SDO_ABOUTPAGE_SPA.jpg 961w, https:\/\/www.sedanos.com\/wp-content\/uploads\/Resized_23_SDO_ABOUTPAGE_SPA-300x250.jpg 300w, https:\/\/www.sedanos.com\/wp-content\/uploads\/Resized_23_SDO_ABOUTPAGE_SPA-768x639.jpg 768w\" sizes=\"(max-width: 961px) 100vw, 961px\" alt=\"Historia de Sabor. Fundado en 1962, Sedano&amp;#39;s Supermarkets comenz\u00f3 como un supermercado de barrio en Hialeah, Florida, y ha crecido para servir las comunidades de la Florida, con 34 tiendas independientes. Nuestra meta siempre ha sido poder proveerles a nuestros clientes los productos latino con el sabor de sus pa\u00edses. La variedad de comidas caseras, el sabor uico, y el cafecito forman parte dels ambiente familiar y nost\u00e1lgico que nuestros clientes disfrutan cada d\u00eda al visitarnos. Establecido por las familias Guerra y Herr\u00e1n, continuamos siendo una empresa familiar, y nos enorgullece poder proveer un servicio de calidad para nuestros clientes y empleados.\" \t\tclass=\"so-widget-image\"\/>\n\t<\/div>\n\n<\/div><\/div><\/div><div id=\"pgc-30944-1-2\"  class=\"panel-grid-cell\" ><div id=\"panel-30944-1-2-0\" class=\"so-panel widget widget_sow-image panel-first-child panel-last-child\" data-index=\"3\" ><div\n\t\t\t\n\t\t\tclass=\"so-widget-sow-image so-widget-sow-image-default-dbf295114b96-30944\"\n\t\t\t\n\t\t>\n<div class=\"sow-image-container\">\n\t\t<img \n\tsrc=\"https:\/\/www.sedanos.com\/wp-content\/uploads\/About-Us-Banner-05.jpg\" width=\"961\" height=\"800\" srcset=\"https:\/\/www.sedanos.com\/wp-content\/uploads\/About-Us-Banner-05.jpg 961w, https:\/\/www.sedanos.com\/wp-content\/uploads\/About-Us-Banner-05-300x250.jpg 300w, https:\/\/www.sedanos.com\/wp-content\/uploads\/About-Us-Banner-05-768x639.jpg 768w\" sizes=\"(max-width: 961px) 100vw, 961px\" alt=\"Image showing one of the first Sedano supermarket.\" \t\tclass=\"so-widget-image\"\/>\n\t<\/div>\n\n<\/div><\/div><\/div><\/div><div id=\"pg-30944-2\"  class=\"panel-grid panel-no-style\" ><div id=\"pgc-30944-2-0\"  class=\"panel-grid-cell\" ><div id=\"panel-30944-2-0-0\" class=\"so-panel widget widget_sow-editor panel-first-child panel-last-child\" data-index=\"4\" ><div\n\t\t\t\n\t\t\tclass=\"so-widget-sow-editor so-widget-sow-editor-base\"\n\t\t\t\n\t\t>\n<div class=\"siteorigin-widget-tinymce textwidget\">\n\t<\/p>\n<\/div>\n<\/div><\/div><\/div><\/div><\/div>","protected":false},"excerpt":{"rendered":"<p>Flavor Story<\/p>\n","protected":false},"author":1,"featured_media":0,"parent":0,"menu_order":0,"comment_status":"closed","ping_status":"closed","template":"page-fluid-container-no-title.php","meta":{"footnotes":""},"class_list":["post-30944","page","type-page","status-publish","hentry"],"_links":{"self":[{"href":"https:\/\/www.sedanos.com\/es\/wp-json\/wp\/v2\/pages\/30944","targetHints":{"allow":["GET"]}}],"collection":[{"href":"https:\/\/www.sedanos.com\/es\/wp-json\/wp\/v2\/pages"}],"about":[{"href":"https:\/\/www.sedanos.com\/es\/wp-json\/wp\/v2\/types\/page"}],"author":[{"embeddable":true,"href":"https:\/\/www.sedanos.com\/es\/wp-json\/wp\/v2\/users\/1"}],"replies":[{"embeddable":true,"href":"https:\/\/www.sedanos.com\/es\/wp-json\/wp\/v2\/comments?post=30944"}],"version-history":[{"count":1,"href":"https:\/\/www.sedanos.com\/es\/wp-json\/wp\/v2\/pages\/30944\/revisions"}],"predecessor-version":[{"id":32948,"href":"https:\/\/www.sedanos.com\/es\/wp-json\/wp\/v2\/pages\/30944\/revisions\/32948"}],"wp:attachment":[{"href":"https:\/\/www.sedanos.com\/es\/wp-json\/wp\/v2\/media?parent=30944"}],"curies":[{"name":"wp","href":"https:\/\/api.w.org\/{rel}","templated":true}]}}